{"id":1993,"date":"2023-06-29T09:33:06","date_gmt":"2023-06-29T09:33:06","guid":{"rendered":"https:\/\/www.wildadventures.ro\/product\/dacia-duster-4x4\/"},"modified":"2023-09-01T14:20:54","modified_gmt":"2023-09-01T14:20:54","slug":"dacia-duster-4x4","status":"publish","type":"product","link":"https:\/\/www.wildadventures.ro\/en\/product\/dacia-duster-4x4\/","title":{"rendered":"Dacia Duster Overlander 4&#215;4"},"content":{"rendered":"<p>[et_pb_section fb_built=&#8221;1&#8243; theme_builder_area=&#8221;post_content&#8221; _builder_version=&#8221;4.21.0&#8243; _module_preset=&#8221;default&#8221;][\/et_pb_section]<\/p>\n","protected":false},"excerpt":{"rendered":"<p>After renting you get 15% BACK in the form of a voucher. You can use it for another rental or give it as a gift to a friend.<\/p>\n","protected":false},"featured_media":1513,"comment_status":"open","ping_status":"closed","template":"","meta":{"_et_pb_use_builder":"on","_et_pb_old_content":"Experiementeaz\u0103 overlanding-ul \u00een Rom\u00e2nia al\u0103turi de Dacia Duster! Indiferent dac\u0103 vrei s\u0103 te aventuri \u00een zone \u00eendep\u0103rtate, sate izolate sau s\u0103 campezi \u00een mijlocul naturii, o poiana la munte sau o plaja salbatica la mare, Duster e ma\u0219ina potrivit\u0103 pentru tine.\r\n\r\nCu un consum eficient de combustibil, vei putea explora frumuse\u021bile \u021b\u0103rii noastre f\u0103r\u0103 s\u0103-\u021bi faci griji cu privire la rezerva de carburant. Fiind o masina usoara Duster are puterea \u0219i performan\u021bele necesare pentru a se descurca pe terenuri variate, inclusiv drumuri montane \u0219i forestiere, oferindu-\u021bi libertatea de a ajunge \u00een locurile mai pu\u021bin cunoscute.\r\n\r\nCu un interior spa\u021bios \u0219i un portbagaj generos, vei avea suficient loc pentru a lua cu tine tot echipamentul necesar pentru aventurile tale de overlanding \u00een Rom\u00e2nia. Fie c\u0103 e vorba de saci de dormit, hamace, ustensile de camping sau echipament de trekking, Duster te va ajuta s\u0103 ai totul la-ndem\u00e2n\u0103.\r\n\r\nBucur\u0103-te de confortul c\u0103l\u0103toriei cu aerul condi\u021bionat, geamurile electrice \u0219i sistemul multimedia al ma\u0219inii. Navigheaz\u0103 u\u0219or prin destina\u021biile dorite \u0219i las\u0103-te ghidat de Duster \u00een aventurile tale.\r\n\r\nDacia Duster este alegerea perfect\u0103 pentru o experien\u021b\u0103 autentic\u0103 de overlanding \u00een Rom\u00e2nia. Pune-\u021bi echipamentul \u00een ma\u0219in\u0103 \u0219i \u00eencepe s\u0103 explorezi mun\u021bii, p\u0103durile \u0219i peisajele fascinante ale \u021b\u0103rii noastre. Fii gata s\u0103 descoperi Rom\u00e2nia \u00eentr-un mod inedit \u0219i captivant!","_et_gb_content_width":"","inline_featured_image":false},"product_cat":[19],"product_tag":[],"class_list":["post-1993","product","type-product","status-publish","has-post-thumbnail","hentry","product_cat-uncategorized"],"acf":[],"yoast_head":"<!-- This site is optimized with the Yoast SEO Premium plugin v20.9 (Yoast SEO v21.2) - https:\/\/yoast.com\/wordpress\/plugins\/seo\/ -->\n<title>Dacia Duster Overlander 4x4 - wildadventures<\/title>\n<meta name=\"robots\" content=\"index, follow, max-snippet:-1, max-image-preview:large, max-video-preview:-1\" \/>\n<link rel=\"canonical\" href=\"https:\/\/www.wildadventures.ro\/en\/product\/dacia-duster-4x4\/\" \/>\n<meta property=\"og:locale\" content=\"en_US\" \/>\n<meta property=\"og:type\" content=\"article\" \/>\n<meta property=\"og:title\" content=\"Dacia Duster Overlander 4x4\" \/>\n<meta property=\"og:description\" content=\"After renting you get 15% BACK in the form of a voucher. You can use it for another rental or give it as a gift to a friend.\" \/>\n<meta property=\"og:url\" content=\"https:\/\/www.wildadventures.ro\/en\/product\/dacia-duster-4x4\/\" \/>\n<meta property=\"og:site_name\" content=\"wildadventures\" \/>\n<meta property=\"article:modified_time\" content=\"2023-09-01T14:20:54+00:00\" \/>\n<meta property=\"og:image\" content=\"https:\/\/www.wildadventures.ro\/wp-content\/uploads\/2023\/06\/duster2.jpg\" \/>\n\t<meta property=\"og:image:width\" content=\"1700\" \/>\n\t<meta property=\"og:image:height\" content=\"1074\" \/>\n\t<meta property=\"og:image:type\" content=\"image\/jpeg\" \/>\n<meta name=\"twitter:card\" content=\"summary_large_image\" \/>\n<meta name=\"twitter:label1\" content=\"Est. reading time\" \/>\n\t<meta name=\"twitter:data1\" content=\"1 minute\" \/>\n<script type=\"application\/ld+json\" class=\"yoast-schema-graph\">{\"@context\":\"https:\/\/schema.org\",\"@graph\":[{\"@type\":\"WebPage\",\"@id\":\"https:\/\/www.wildadventures.ro\/en\/product\/dacia-duster-4x4\/\",\"url\":\"https:\/\/www.wildadventures.ro\/en\/product\/dacia-duster-4x4\/\",\"name\":\"Dacia Duster Overlander 4x4 - wildadventures\",\"isPartOf\":{\"@id\":\"https:\/\/www.wildadventures.ro\/en\/#website\"},\"datePublished\":\"2023-06-29T09:33:06+00:00\",\"dateModified\":\"2023-09-01T14:20:54+00:00\",\"breadcrumb\":{\"@id\":\"https:\/\/www.wildadventures.ro\/en\/product\/dacia-duster-4x4\/#breadcrumb\"},\"inLanguage\":\"en-US\",\"potentialAction\":[{\"@type\":\"ReadAction\",\"target\":[\"https:\/\/www.wildadventures.ro\/en\/product\/dacia-duster-4x4\/\"]}]},{\"@type\":\"BreadcrumbList\",\"@id\":\"https:\/\/www.wildadventures.ro\/en\/product\/dacia-duster-4x4\/#breadcrumb\",\"itemListElement\":[{\"@type\":\"ListItem\",\"position\":1,\"name\":\"Prima pagin\u0103\",\"item\":\"https:\/\/www.wildadventures.ro\/en\/\"},{\"@type\":\"ListItem\",\"position\":2,\"name\":\"Rent\",\"item\":\"https:\/\/www.wildadventures.ro\/en\/rent\/\"},{\"@type\":\"ListItem\",\"position\":3,\"name\":\"Dacia Duster Overlander 4&#215;4\"}]},{\"@type\":\"WebSite\",\"@id\":\"https:\/\/www.wildadventures.ro\/en\/#website\",\"url\":\"https:\/\/www.wildadventures.ro\/en\/\",\"name\":\"wildadventures\",\"description\":\"\",\"publisher\":{\"@id\":\"https:\/\/www.wildadventures.ro\/en\/#organization\"},\"alternateName\":\"overlanding\",\"potentialAction\":[{\"@type\":\"SearchAction\",\"target\":{\"@type\":\"EntryPoint\",\"urlTemplate\":\"https:\/\/www.wildadventures.ro\/en\/?s={search_term_string}\"},\"query-input\":\"required name=search_term_string\"}],\"inLanguage\":\"en-US\"},{\"@type\":\"Organization\",\"@id\":\"https:\/\/www.wildadventures.ro\/en\/#organization\",\"name\":\"wildadventures\",\"url\":\"https:\/\/www.wildadventures.ro\/en\/\",\"logo\":{\"@type\":\"ImageObject\",\"inLanguage\":\"en-US\",\"@id\":\"https:\/\/www.wildadventures.ro\/en\/#\/schema\/logo\/image\/\",\"url\":\"https:\/\/www.wildadventures.ro\/wp-content\/uploads\/2023\/06\/Group-11478.png\",\"contentUrl\":\"https:\/\/www.wildadventures.ro\/wp-content\/uploads\/2023\/06\/Group-11478.png\",\"width\":97,\"height\":84,\"caption\":\"wildadventures\"},\"image\":{\"@id\":\"https:\/\/www.wildadventures.ro\/en\/#\/schema\/logo\/image\/\"}}]}<\/script>\n<!-- \/ Yoast SEO Premium plugin. -->","yoast_head_json":{"title":"Dacia Duster Overlander 4x4 - wildadventures","robots":{"index":"index","follow":"follow","max-snippet":"max-snippet:-1","max-image-preview":"max-image-preview:large","max-video-preview":"max-video-preview:-1"},"canonical":"https:\/\/www.wildadventures.ro\/en\/product\/dacia-duster-4x4\/","og_locale":"en_US","og_type":"article","og_title":"Dacia Duster Overlander 4x4","og_description":"After renting you get 15% BACK in the form of a voucher. You can use it for another rental or give it as a gift to a friend.","og_url":"https:\/\/www.wildadventures.ro\/en\/product\/dacia-duster-4x4\/","og_site_name":"wildadventures","article_modified_time":"2023-09-01T14:20:54+00:00","og_image":[{"width":1700,"height":1074,"url":"https:\/\/www.wildadventures.ro\/wp-content\/uploads\/2023\/06\/duster2.jpg","type":"image\/jpeg"}],"twitter_card":"summary_large_image","twitter_misc":{"Est. reading time":"1 minute"},"schema":{"@context":"https:\/\/schema.org","@graph":[{"@type":"WebPage","@id":"https:\/\/www.wildadventures.ro\/en\/product\/dacia-duster-4x4\/","url":"https:\/\/www.wildadventures.ro\/en\/product\/dacia-duster-4x4\/","name":"Dacia Duster Overlander 4x4 - wildadventures","isPartOf":{"@id":"https:\/\/www.wildadventures.ro\/en\/#website"},"datePublished":"2023-06-29T09:33:06+00:00","dateModified":"2023-09-01T14:20:54+00:00","breadcrumb":{"@id":"https:\/\/www.wildadventures.ro\/en\/product\/dacia-duster-4x4\/#breadcrumb"},"inLanguage":"en-US","potentialAction":[{"@type":"ReadAction","target":["https:\/\/www.wildadventures.ro\/en\/product\/dacia-duster-4x4\/"]}]},{"@type":"BreadcrumbList","@id":"https:\/\/www.wildadventures.ro\/en\/product\/dacia-duster-4x4\/#breadcrumb","itemListElement":[{"@type":"ListItem","position":1,"name":"Prima pagin\u0103","item":"https:\/\/www.wildadventures.ro\/en\/"},{"@type":"ListItem","position":2,"name":"Rent","item":"https:\/\/www.wildadventures.ro\/en\/rent\/"},{"@type":"ListItem","position":3,"name":"Dacia Duster Overlander 4&#215;4"}]},{"@type":"WebSite","@id":"https:\/\/www.wildadventures.ro\/en\/#website","url":"https:\/\/www.wildadventures.ro\/en\/","name":"wildadventures","description":"","publisher":{"@id":"https:\/\/www.wildadventures.ro\/en\/#organization"},"alternateName":"overlanding","potentialAction":[{"@type":"SearchAction","target":{"@type":"EntryPoint","urlTemplate":"https:\/\/www.wildadventures.ro\/en\/?s={search_term_string}"},"query-input":"required name=search_term_string"}],"inLanguage":"en-US"},{"@type":"Organization","@id":"https:\/\/www.wildadventures.ro\/en\/#organization","name":"wildadventures","url":"https:\/\/www.wildadventures.ro\/en\/","logo":{"@type":"ImageObject","inLanguage":"en-US","@id":"https:\/\/www.wildadventures.ro\/en\/#\/schema\/logo\/image\/","url":"https:\/\/www.wildadventures.ro\/wp-content\/uploads\/2023\/06\/Group-11478.png","contentUrl":"https:\/\/www.wildadventures.ro\/wp-content\/uploads\/2023\/06\/Group-11478.png","width":97,"height":84,"caption":"wildadventures"},"image":{"@id":"https:\/\/www.wildadventures.ro\/en\/#\/schema\/logo\/image\/"}}]}},"_links":{"self":[{"href":"https:\/\/www.wildadventures.ro\/en\/wp-json\/wp\/v2\/product\/1993","targetHints":{"allow":["GET"]}}],"collection":[{"href":"https:\/\/www.wildadventures.ro\/en\/wp-json\/wp\/v2\/product"}],"about":[{"href":"https:\/\/www.wildadventures.ro\/en\/wp-json\/wp\/v2\/types\/product"}],"replies":[{"embeddable":true,"href":"https:\/\/www.wildadventures.ro\/en\/wp-json\/wp\/v2\/comments?post=1993"}],"wp:featuredmedia":[{"embeddable":true,"href":"https:\/\/www.wildadventures.ro\/en\/wp-json\/wp\/v2\/media\/1513"}],"wp:attachment":[{"href":"https:\/\/www.wildadventures.ro\/en\/wp-json\/wp\/v2\/media?parent=1993"}],"wp:term":[{"taxonomy":"product_cat","embeddable":true,"href":"https:\/\/www.wildadventures.ro\/en\/wp-json\/wp\/v2\/product_cat?post=1993"},{"taxonomy":"product_tag","embeddable":true,"href":"https:\/\/www.wildadventures.ro\/en\/wp-json\/wp\/v2\/product_tag?post=1993"}],"curies":[{"name":"wp","href":"https:\/\/api.w.org\/{rel}","templated":true}]}}